{"id":194,"date":"2022-12-04T18:18:05","date_gmt":"2022-12-04T17:18:05","guid":{"rendered":"https:\/\/lauder.escala.com.pl\/szkola\/?page_id=194"},"modified":"2025-07-22T10:16:15","modified_gmt":"2025-07-22T08:16:15","slug":"dokumenty","status":"publish","type":"page","link":"https:\/\/www.lauder-morasha.edu.pl\/szkola\/dokumenty\/","title":{"rendered":"Dokumenty"},"content":{"rendered":"[vc_row type=&#8221;full_width_background&#8221; full_screen_row_position=&#8221;middle&#8221; column_margin=&#8221;default&#8221; column_direction=&#8221;default&#8221; column_direction_tablet=&#8221;default&#8221; column_direction_phone=&#8221;default&#8221; bg_color=&#8221;#163269&#8243; scene_position=&#8221;center&#8221; top_padding=&#8221;9%&#8221; bottom_padding=&#8221;6%&#8221; top_padding_phone=&#8221;15%&#8221; constrain_group_5=&#8221;yes&#8221; bottom_padding_phone=&#8221;15%&#8221; text_color=&#8221;light&#8221; text_align=&#8221;center&#8221; row_border_radius=&#8221;none&#8221; row_border_radius_applies=&#8221;bg&#8221; overflow=&#8221;visible&#8221; overlay_strength=&#8221;0.3&#8243; gradient_direction=&#8221;left_to_right&#8221; enable_shape_divider=&#8221;true&#8221; shape_divider_color=&#8221;#f8f8f8&#8243; shape_divider_position=&#8221;bottom&#8221; bg_image_animation=&#8221;none&#8221; gradient_type=&#8221;default&#8221; shape_type=&#8221;curve_opacity&#8221;][vc_column column_padding=&#8221;no-extra-padding&#8221; column_padding_tablet=&#8221;inherit&#8221; column_padding_phone=&#8221;inherit&#8221; column_padding_position=&#8221;all&#8221; column_element_direction_desktop=&#8221;default&#8221; column_element_spacing=&#8221;default&#8221; desktop_text_alignment=&#8221;default&#8221; tablet_text_alignment=&#8221;default&#8221; phone_text_alignment=&#8221;default&#8221; background_color_opacity=&#8221;1&#8243; background_hover_color_opacity=&#8221;1&#8243; column_backdrop_filter=&#8221;none&#8221; column_shadow=&#8221;none&#8221; column_border_radius=&#8221;none&#8221; column_link_target=&#8221;_self&#8221; column_position=&#8221;default&#8221; gradient_direction=&#8221;left_to_right&#8221; overlay_strength=&#8221;0.3&#8243; width=&#8221;1\/1&#8243; tablet_width_inherit=&#8221;default&#8221; animation_type=&#8221;default&#8221; bg_image_animation=&#8221;none&#8221; border_type=&#8221;simple&#8221; column_border_width=&#8221;none&#8221; column_border_style=&#8221;solid&#8221;][vc_column_text css_animation=&#8221;fadeIn&#8221;]\n<h1 style=\"text-align: center;\">Dokumenty<\/h1>\n[\/vc_column_text][\/vc_column][\/vc_row][vc_row type=&#8221;in_container&#8221; full_screen_row_position=&#8221;middle&#8221; column_margin=&#8221;default&#8221; column_direction=&#8221;default&#8221; column_direction_tablet=&#8221;default&#8221; column_direction_phone=&#8221;default&#8221; scene_position=&#8221;center&#8221; top_padding=&#8221;4%&#8221; constrain_group_1=&#8221;yes&#8221; bottom_padding=&#8221;4%&#8221; top_padding_phone=&#8221;10%&#8221; constrain_group_5=&#8221;yes&#8221; bottom_padding_phone=&#8221;10%&#8221; text_color=&#8221;dark&#8221; text_align=&#8221;left&#8221; row_border_radius=&#8221;none&#8221; row_border_radius_applies=&#8221;bg&#8221; overflow=&#8221;visible&#8221; overlay_strength=&#8221;0.3&#8243; gradient_direction=&#8221;left_to_right&#8221; shape_divider_position=&#8221;bottom&#8221; bg_image_animation=&#8221;none&#8221; gradient_type=&#8221;default&#8221; shape_type=&#8221;&#8221;][vc_column column_padding=&#8221;no-extra-padding&#8221; column_padding_tablet=&#8221;inherit&#8221; column_padding_phone=&#8221;inherit&#8221; column_padding_position=&#8221;all&#8221; column_element_direction_desktop=&#8221;default&#8221; column_element_spacing=&#8221;default&#8221; desktop_text_alignment=&#8221;default&#8221; tablet_text_alignment=&#8221;default&#8221; phone_text_alignment=&#8221;default&#8221; background_color_opacity=&#8221;1&#8243; background_hover_color_opacity=&#8221;1&#8243; column_backdrop_filter=&#8221;none&#8221; column_shadow=&#8221;none&#8221; column_border_radius=&#8221;none&#8221; column_link_target=&#8221;_self&#8221; column_position=&#8221;default&#8221; gradient_direction=&#8221;left_to_right&#8221; overlay_strength=&#8221;0.3&#8243; width=&#8221;1\/1&#8243; tablet_width_inherit=&#8221;default&#8221; animation_type=&#8221;default&#8221; bg_image_animation=&#8221;none&#8221; border_type=&#8221;simple&#8221; column_border_width=&#8221;none&#8221; column_border_style=&#8221;solid&#8221;][vc_row_inner column_margin=&#8221;default&#8221; column_direction=&#8221;default&#8221; column_direction_tablet=&#8221;default&#8221; column_direction_phone=&#8221;default&#8221; text_align=&#8221;left&#8221; row_position=&#8221;default&#8221; row_position_tablet=&#8221;inherit&#8221; row_position_phone=&#8221;inherit&#8221; overflow=&#8221;visible&#8221; pointer_events=&#8221;all&#8221;][vc_column_inner column_padding=&#8221;no-extra-padding&#8221; column_padding_tablet=&#8221;inherit&#8221; column_padding_phone=&#8221;inherit&#8221; column_padding_position=&#8221;all&#8221; column_element_direction_desktop=&#8221;default&#8221; column_element_spacing=&#8221;default&#8221; desktop_text_alignment=&#8221;default&#8221; tablet_text_alignment=&#8221;default&#8221; phone_text_alignment=&#8221;default&#8221; background_color_opacity=&#8221;1&#8243; background_hover_color_opacity=&#8221;1&#8243; column_backdrop_filter=&#8221;none&#8221; column_shadow=&#8221;none&#8221; column_border_radius=&#8221;none&#8221; column_link_target=&#8221;_self&#8221; overflow=&#8221;visible&#8221; gradient_direction=&#8221;left_to_right&#8221; overlay_strength=&#8221;0.3&#8243; width=&#8221;1\/1&#8243; tablet_width_inherit=&#8221;default&#8221; animation_type=&#8221;default&#8221; bg_image_animation=&#8221;none&#8221; border_type=&#8221;simple&#8221; column_border_width=&#8221;none&#8221; column_border_style=&#8221;solid&#8221;][vc_column_text]\n<p style=\"text-align: center;\"><strong>Godziny lekcji<\/strong>\u00a0\u2013\u00a0<a href=\"https:\/\/www.lauder-morasha.edu.pl\/szkola\/wp-content\/uploads\/2024\/09\/godziny-lekcji-LM.pdf\">pobierz plik pdf<\/a><\/p>\n<p style=\"text-align: center;\"><strong>Statut PSP nr 94<\/strong>\u00a0\u2013\u00a0<a href=\"\/szkola\/wp-content\/uploads\/2023\/01\/STATUT_SP_09.2022.pdf\">pobierz plik pdf<br \/>\n<\/a><\/p>\n<p style=\"text-align: center;\"><strong>Wewn\u0105trzszkolny system oceniania \u2013\u00a0<\/strong><a href=\"https:\/\/www.lauder-morasha.edu.pl\/szkola\/wp-content\/uploads\/2024\/08\/WSO-akt.-26.08.2024.pdf\">pobierz plik pdf<\/a><\/p>\n<p style=\"text-align: center;\">Za\u0142\u0105cznik nr 1 \u2013 Funkcje oceniania \u2013\u00a0<a href=\"\/szkola\/wp-content\/uploads\/2023\/01\/funkcjeOcenianiaSP-1.pdf\">pobierz plik pdf<\/a><\/p>\n<p style=\"text-align: center;\">Za\u0142\u0105cznik nr 2 (klasy 3-8) \u2013 Kryteria ocen zachowania \u2013\u00a0<a href=\"https:\/\/www.lauder-morasha.edu.pl\/szkola\/wp-content\/uploads\/2024\/08\/WSO-zal.-nr-2-zachowanie-klasy-3-8-SP-26.08.2024.pdf\">pobierz plik pdf<\/a><\/p>\n<p style=\"text-align: center;\">Za\u0142\u0105cznik nr 3 (klasa 3.) \u2013 Kryteria oceniania \u2013\u00a0<a href=\"\/szkola\/wp-content\/uploads\/2023\/01\/WSOkryteriaKl3.pdf\">pobierz plik pdf<\/a><\/p>\n<p style=\"text-align: center;\">Za\u0142\u0105cznik nr 3 (klasy 4-8) \u2013 Kryteria oceniania \u2013\u00a0<a href=\"\/szkola\/wp-content\/uploads\/2023\/01\/kryteria_stopni.pdf\">pobierz plik pdf<br \/>\n<\/a><\/p>\n<p style=\"text-align: center;\"><strong>Program wychowawczo-profilaktyczny\u00a0<\/strong><a href=\"\/szkola\/wp-content\/uploads\/2023\/01\/programWychowawczy.pdf\">pobierz plik pdf<\/a><\/p>\n<p style=\"text-align: center;\"><strong>Regulamin post\u0119powania w PSP nr 94<\/strong>\u00a0<a href=\"https:\/\/www.lauder-morasha.edu.pl\/szkola\/wp-content\/uploads\/2025\/07\/REGULAMIN-POSTEPOWANIA-W-PSP-94.pdf\">pobierz plik pdf<\/a><\/p>\n<p style=\"text-align: center;\"><strong>Procedury interwencyjne<\/strong>\u00a0<a href=\"\/szkola\/wp-content\/uploads\/2023\/01\/proceduryInterwencyjneSP.pdf\">pobierz plik pdf<\/a><\/p>\n<p style=\"text-align: center;\"><strong>Regulamin korzystania z telefon\u00f3w w klasach 4-8<\/strong>\u00a0<a href=\"\/szkola\/wp-content\/uploads\/2023\/01\/REGULAMIN-KORZYSTANIA-Z-TELEFONOW-KOMORKOWYCH-akt.-17.09.2022.pdf\">pobierz plik pdf<\/a><\/p>\n<p style=\"text-align: center;\"><strong>Regulamin Realizacji Projekt\u00f3w Semestralnych<\/strong>\u00a0<a href=\"https:\/\/www.lauder-morasha.edu.pl\/szkola\/wp-content\/uploads\/2024\/08\/Regulamin-Realizacji-Projektow-Semestralnych-akt.-28.08.2024.pdf\">pobierz plik pdf<\/a><\/p>\n<p style=\"text-align: center;\"><strong>Regulamin dot. zdarze\u0144 si\u0142y wy\u017cszej\u00a0<\/strong><a href=\"\/szkola\/wp-content\/uploads\/2023\/01\/Regulamin-PSP-nr-94-dot.-zdarzen-sily-wyzszej.pdf\">pobierz plik pdf<\/a><\/p>\n<p style=\"text-align: center;\"><strong>Regulamin wolontariatu\u00a0<\/strong><a href=\"https:\/\/www.lauder-morasha.edu.pl\/szkola\/wp-content\/uploads\/2025\/01\/Regulamin-Wolontariatu.pdf\">pobierz plik pdf<\/a><\/p>\n<p style=\"text-align: center;\"><strong>Regulamin Stypendium Einsteina\u00a0<\/strong><a href=\"https:\/\/www.lauder-morasha.edu.pl\/szkola\/wp-content\/uploads\/2025\/05\/Stypendium-Einsteina-Regulamin.pdf\">pobierz plik pdf<\/a><\/p>\n<p style=\"text-align: center;\"><strong>Polityka oraz procedury ochrony dzieci przed krzywdzeniem<\/strong>\u00a0<a href=\"https:\/\/www.lauder-morasha.edu.pl\/szkola\/wp-content\/uploads\/2024\/10\/Polityka-i-procedury-ochrony-dzieci-przed-krzywdzeniem-0124.pdf\">pobierz plik pdf<\/a><\/p>\n<p style=\"text-align: center;\"><strong>Procedura dokonywania zg\u0142osze\u0144 narusze\u0144 prawa<\/strong><br \/>\n<strong>i podejmowania dzia\u0142a\u0144 nast\u0119pczych <\/strong><a href=\"https:\/\/www.lauder-morasha.edu.pl\/szkola\/wp-content\/uploads\/2024\/11\/Ochrona-sygnalistow-procedura.pdf\">pobierz plik pdf<\/a><\/p>\n[\/vc_column_text][\/vc_column_inner][\/vc_row_inner][\/vc_column][\/vc_row]\n","protected":false},"excerpt":{"rendered":"<p>[vc_row type=&#8221;full_width_background&#8221; full_screen_row_position=&#8221;middle&#8221; column_margin=&#8221;default&#8221; column_direction=&#8221;default&#8221; column_direction_tablet=&#8221;default&#8221; column_direction_phone=&#8221;default&#8221; bg_color=&#8221;#163269&#8243; scene_position=&#8221;center&#8221; top_padding=&#8221;9%&#8221; bottom_padding=&#8221;6%&#8221; top_padding_phone=&#8221;15%&#8221; constrain_group_5=&#8221;yes&#8221; bottom_padding_phone=&#8221;15%&#8221; text_color=&#8221;light&#8221; text_align=&#8221;center&#8221; row_border_radius=&#8221;none&#8221; row_border_radius_applies=&#8221;bg&#8221; overflow=&#8221;visible&#8221; overlay_strength=&#8221;0.3&#8243; gradient_direction=&#8221;left_to_right&#8221; enable_shape_divider=&#8221;true&#8221; shape_divider_color=&#8221;#f8f8f8&#8243; shape_divider_position=&#8221;bottom&#8221; bg_image_animation=&#8221;none&#8221; gradient_type=&#8221;default&#8221; shape_type=&#8221;curve_opacity&#8221;][vc_column column_padding=&#8221;no-extra-padding&#8221; column_padding_tablet=&#8221;inherit&#8221; column_padding_phone=&#8221;inherit&#8221;&#8230;<\/p>\n","protected":false},"author":1,"featured_media":0,"parent":0,"menu_order":0,"comment_status":"closed","ping_status":"closed","template":"","meta":{"footnotes":""},"class_list":["post-194","page","type-page","status-publish"],"_links":{"self":[{"href":"https:\/\/www.lauder-morasha.edu.pl\/szkola\/wp-json\/wp\/v2\/pages\/194","targetHints":{"allow":["GET"]}}],"collection":[{"href":"https:\/\/www.lauder-morasha.edu.pl\/szkola\/wp-json\/wp\/v2\/pages"}],"about":[{"href":"https:\/\/www.lauder-morasha.edu.pl\/szkola\/wp-json\/wp\/v2\/types\/page"}],"author":[{"embeddable":true,"href":"https:\/\/www.lauder-morasha.edu.pl\/szkola\/wp-json\/wp\/v2\/users\/1"}],"replies":[{"embeddable":true,"href":"https:\/\/www.lauder-morasha.edu.pl\/szkola\/wp-json\/wp\/v2\/comments?post=194"}],"version-history":[{"count":4,"href":"https:\/\/www.lauder-morasha.edu.pl\/szkola\/wp-json\/wp\/v2\/pages\/194\/revisions"}],"predecessor-version":[{"id":1294,"href":"https:\/\/www.lauder-morasha.edu.pl\/szkola\/wp-json\/wp\/v2\/pages\/194\/revisions\/1294"}],"wp:attachment":[{"href":"https:\/\/www.lauder-morasha.edu.pl\/szkola\/wp-json\/wp\/v2\/media?parent=194"}],"curies":[{"name":"wp","href":"https:\/\/api.w.org\/{rel}","templated":true}]}}