{"id":119,"date":"2022-12-07T10:55:37","date_gmt":"2022-12-07T09:55:37","guid":{"rendered":"https:\/\/lauder.escala.com.pl\/przedszkole\/?page_id=119"},"modified":"2025-11-03T16:53:28","modified_gmt":"2025-11-03T15:53:28","slug":"kontakt","status":"publish","type":"page","link":"https:\/\/www.lauder-morasha.edu.pl\/przedszkole\/kontakt\/","title":{"rendered":"Kontakt"},"content":{"rendered":"[vc_row type=&#8221;full_width_background&#8221; full_screen_row_position=&#8221;middle&#8221; column_margin=&#8221;default&#8221; column_direction=&#8221;default&#8221; column_direction_tablet=&#8221;default&#8221; column_direction_phone=&#8221;default&#8221; bg_color=&#8221;#013ba0&#8243; scene_position=&#8221;center&#8221; top_padding=&#8221;8%&#8221; bottom_padding=&#8221;6%&#8221; top_padding_phone=&#8221;15%&#8221; constrain_group_5=&#8221;yes&#8221; bottom_padding_phone=&#8221;15%&#8221; text_color=&#8221;light&#8221; text_align=&#8221;center&#8221; row_border_radius=&#8221;none&#8221; row_border_radius_applies=&#8221;bg&#8221; overflow=&#8221;visible&#8221; overlay_strength=&#8221;0.3&#8243; gradient_direction=&#8221;left_to_right&#8221; enable_shape_divider=&#8221;true&#8221; shape_divider_color=&#8221;#f8f8f8&#8243; shape_divider_position=&#8221;bottom&#8221; bg_image_animation=&#8221;none&#8221; gradient_type=&#8221;default&#8221; shape_type=&#8221;curve_opacity&#8221;][vc_column column_padding=&#8221;no-extra-padding&#8221; column_padding_tablet=&#8221;inherit&#8221; column_padding_phone=&#8221;inherit&#8221; column_padding_position=&#8221;all&#8221; column_element_direction_desktop=&#8221;default&#8221; column_element_spacing=&#8221;default&#8221; desktop_text_alignment=&#8221;default&#8221; tablet_text_alignment=&#8221;default&#8221; phone_text_alignment=&#8221;default&#8221; background_color_opacity=&#8221;1&#8243; background_hover_color_opacity=&#8221;1&#8243; column_backdrop_filter=&#8221;none&#8221; column_shadow=&#8221;none&#8221; column_border_radius=&#8221;none&#8221; column_link_target=&#8221;_self&#8221; column_position=&#8221;default&#8221; gradient_direction=&#8221;left_to_right&#8221; overlay_strength=&#8221;0.3&#8243; width=&#8221;1\/1&#8243; tablet_width_inherit=&#8221;default&#8221; animation_type=&#8221;default&#8221; bg_image_animation=&#8221;none&#8221; border_type=&#8221;simple&#8221; column_border_width=&#8221;none&#8221; column_border_style=&#8221;solid&#8221;][vc_column_text css_animation=&#8221;fadeIn&#8221;]\n<h1 style=\"text-align: center;\">Kontakt<\/h1>\n[\/vc_column_text][\/vc_column][\/vc_row][vc_row type=&#8221;in_container&#8221; full_screen_row_position=&#8221;middle&#8221; column_margin=&#8221;default&#8221; column_direction=&#8221;default&#8221; column_direction_tablet=&#8221;default&#8221; column_direction_phone=&#8221;default&#8221; scene_position=&#8221;center&#8221; top_padding=&#8221;4%&#8221; constrain_group_1=&#8221;yes&#8221; bottom_padding=&#8221;4%&#8221; top_padding_phone=&#8221;10%&#8221; constrain_group_5=&#8221;yes&#8221; bottom_padding_phone=&#8221;10%&#8221; text_color=&#8221;dark&#8221; text_align=&#8221;left&#8221; row_border_radius=&#8221;none&#8221; row_border_radius_applies=&#8221;bg&#8221; overflow=&#8221;visible&#8221; overlay_strength=&#8221;0.3&#8243; gradient_direction=&#8221;left_to_right&#8221; shape_divider_position=&#8221;bottom&#8221; bg_image_animation=&#8221;none&#8221; gradient_type=&#8221;default&#8221; shape_type=&#8221;&#8221;][vc_column column_padding=&#8221;no-extra-padding&#8221; column_padding_tablet=&#8221;inherit&#8221; column_padding_phone=&#8221;inherit&#8221; column_padding_position=&#8221;all&#8221; column_element_direction_desktop=&#8221;default&#8221; column_element_spacing=&#8221;default&#8221; desktop_text_alignment=&#8221;default&#8221; tablet_text_alignment=&#8221;default&#8221; phone_text_alignment=&#8221;default&#8221; background_color_opacity=&#8221;1&#8243; background_hover_color_opacity=&#8221;1&#8243; column_backdrop_filter=&#8221;none&#8221; column_shadow=&#8221;none&#8221; column_border_radius=&#8221;none&#8221; column_link_target=&#8221;_self&#8221; column_position=&#8221;default&#8221; gradient_direction=&#8221;left_to_right&#8221; overlay_strength=&#8221;0.3&#8243; width=&#8221;1\/1&#8243; tablet_width_inherit=&#8221;default&#8221; animation_type=&#8221;default&#8221; bg_image_animation=&#8221;none&#8221; border_type=&#8221;simple&#8221; column_border_width=&#8221;none&#8221; column_border_style=&#8221;solid&#8221;][vc_row_inner equal_height=&#8221;yes&#8221; content_placement=&#8221;middle&#8221; column_margin=&#8221;default&#8221; column_direction=&#8221;default&#8221; column_direction_tablet=&#8221;default&#8221; column_direction_phone=&#8221;default&#8221; text_align=&#8221;left&#8221; row_position=&#8221;default&#8221; row_position_tablet=&#8221;inherit&#8221; row_position_phone=&#8221;inherit&#8221; overflow=&#8221;visible&#8221; pointer_events=&#8221;all&#8221;][vc_column_inner column_padding=&#8221;no-extra-padding&#8221; column_padding_tablet=&#8221;inherit&#8221; column_padding_phone=&#8221;inherit&#8221; column_padding_position=&#8221;all&#8221; column_element_direction_desktop=&#8221;default&#8221; column_element_spacing=&#8221;default&#8221; desktop_text_alignment=&#8221;default&#8221; tablet_text_alignment=&#8221;default&#8221; phone_text_alignment=&#8221;default&#8221; background_color_opacity=&#8221;1&#8243; background_hover_color_opacity=&#8221;1&#8243; column_backdrop_filter=&#8221;none&#8221; column_shadow=&#8221;none&#8221; column_border_radius=&#8221;none&#8221; column_link_target=&#8221;_self&#8221; overflow=&#8221;visible&#8221; gradient_direction=&#8221;left_to_right&#8221; overlay_strength=&#8221;0.3&#8243; width=&#8221;1\/2&#8243; tablet_width_inherit=&#8221;default&#8221; animation_type=&#8221;default&#8221; bg_image_animation=&#8221;none&#8221; border_type=&#8221;simple&#8221; column_border_width=&#8221;none&#8221; column_border_style=&#8221;solid&#8221; column_padding_type=&#8221;default&#8221; gradient_type=&#8221;default&#8221;][vc_column_text]\n<h3 style=\"text-align: center;\">Prywatne Przedszkole Lauder-Morasha<\/h3>\n<p style=\"text-align: center;\">ul. Wawelberga 10, 01-188 Warszawa<br \/>\ntel. 22 862 63 30<br \/>\nemail:<br \/>\n<a href=\"mailto:sekretariat@lm.edu.pl\">sekretariat@lm.edu.pl<\/a><br \/>\n<a href=\"mailto:przedszkole@lm.edu.pl\">przedszkole@lm.edu.pl<\/a><\/p>\n<p style=\"text-align: center;\">NIP: 527 25 36 059<br \/>\nnr rachunku bankowego:<br \/>\n10 1090 1056 0000 0001 0664 4187<\/p>\n[\/vc_column_text][\/vc_column_inner][vc_column_inner column_padding=&#8221;no-extra-padding&#8221; column_padding_tablet=&#8221;inherit&#8221; column_padding_phone=&#8221;inherit&#8221; column_padding_position=&#8221;all&#8221; column_element_direction_desktop=&#8221;default&#8221; column_element_spacing=&#8221;default&#8221; desktop_text_alignment=&#8221;default&#8221; tablet_text_alignment=&#8221;default&#8221; phone_text_alignment=&#8221;default&#8221; background_color_opacity=&#8221;1&#8243; background_hover_color_opacity=&#8221;1&#8243; column_backdrop_filter=&#8221;none&#8221; column_shadow=&#8221;none&#8221; column_border_radius=&#8221;none&#8221; column_link_target=&#8221;_self&#8221; overflow=&#8221;visible&#8221; gradient_direction=&#8221;left_to_right&#8221; overlay_strength=&#8221;0.3&#8243; width=&#8221;1\/2&#8243; tablet_width_inherit=&#8221;default&#8221; animation_type=&#8221;default&#8221; bg_image_animation=&#8221;none&#8221; border_type=&#8221;simple&#8221; column_border_width=&#8221;none&#8221; column_border_style=&#8221;solid&#8221;][vc_column_text]<div data-uniq='69e735a1b401c' class='uniq-69e735a1b401c formcraft-css form-live align-left'><script> window.formcraftLogic = window.formcraftLogic || {}; window.formcraftLogic[1] = []; <\/script><div class=\"fc-pagination-cover fc-pagination-1\">\n\t\t\t\t\t\t<div class=\"fc-pagination\" style=\"width: 100%\">\n\t\t\t\t\t\t\t<div class=\"pagination-trigger \" data-index=\"0\">\n\t\t\t\t\t\t\t\t<span class=\"page-number\"><span >1<\/span><\/span>\n\t\t\t\t\t\t\t\t<span class=\"page-name \"><\/span>\n\t\t\t\t\t\t\t\t\n\t\t\t\t\t\t\t<\/div>\n\t\t\t\t\t\t<\/div>\n\t\t\t\t\t<\/div>\n\t\t\t\t\t\n\t\t\t\t\t<style scoped=\"scoped\" >\n\t\t\t\t\t\t.formcraft-css .fc-form.fc-form-1 .form-element .submit-cover .submit-button,\n\t\t\t\t\t\t.formcraft-css .fc-form.fc-form-1 .form-element .fileupload-cover .button-file,\n\t\t\t\t\t\t.formcraft-css .fc-form.fc-form-1 .form-element .field-cover .button,\n\t\t\t\t\t\t#ui-datepicker-div.fc-datepicker .ui-datepicker-header,\n\t\t\t\t\t\t.formcraft-css .fc-form.fc-form-1 .stripe-amount-show\n\t\t\t\t\t\t{\n\t\t\t\t\t\t\tbackground: #4488ee;\n\t\t\t\t\t\t\tcolor: #fff;\n\t\t\t\t\t\t}\n\t\t\t\t\t\t.formcraft-css .fc-form.fc-form-1 .form-element .slider-cover .ui-slider-range\n\t\t\t\t\t\t{\n\t\t\t\t\t\t\tbackground: #4488ee;\n\t\t\t\t\t\t}\n\t\t\t\t\t\t#ui-datepicker-div.fc-datepicker .ui-datepicker-header,\n\t\t\t\t\t\t.formcraft-css .fc-form .field-cover>div.full hr\n\t\t\t\t\t\t{\n\t\t\t\t\t\t\tborder-color: #3b77d1;\n\t\t\t\t\t\t}\n\t\t\t\t\t\t#ui-datepicker-div.fc-datepicker .ui-datepicker-prev:hover,\n\t\t\t\t\t\t#ui-datepicker-div.fc-datepicker .ui-datepicker-next:hover,\n\t\t\t\t\t\t#ui-datepicker-div.fc-datepicker select.ui-datepicker-month:hover,\n\t\t\t\t\t\t#ui-datepicker-div.fc-datepicker select.ui-datepicker-year:hover\n\t\t\t\t\t\t{\n\t\t\t\t\t\t\tbackground-color: #3b77d1;\n\t\t\t\t\t\t}\n\t\t\t\t\t\t.formcraft-css .fc-pagination>div.active .page-number,\n\t\t\t\t\t\t.formcraft-css .form-cover-builder .fc-pagination>div:first-child .page-number\n\t\t\t\t\t\t{\n\t\t\t\t\t\t\tbackground-color: #4488ee;\n\t\t\t\t\t\t\tborder-color: #3b77d1;\n\t\t\t\t\t\t\tcolor: #fff;\n\t\t\t\t\t\t}\n\t\t\t\t\t\t#ui-datepicker-div.fc-datepicker table.ui-datepicker-calendar th,\n\t\t\t\t\t\t#ui-datepicker-div.fc-datepicker table.ui-datepicker-calendar td.ui-datepicker-today a,\n\t\t\t\t\t\t.formcraft-css .fc-form.fc-form-1 .form-element .star-cover label,\n\t\t\t\t\t\thtml .formcraft-css .fc-form.label-floating .form-element .field-cover.has-focus>span,\n\t\t\t\t\t\t.formcraft-css .fc-form.fc-form-1 .form-element .customText-cover a,\n\t\t\t\t\t\t.formcraft-css .fc-form .form-element .slider-cover .range-max,\n\t\t\t\t\t\t.formcraft-css .fc-form .form-element .slider-cover .range-min,\n\t\t\t\t\t\t.formcraft-css .prev-next>div span:hover\n\t\t\t\t\t\t{\n\t\t\t\t\t\t\tcolor: #4488ee;\n\t\t\t\t\t\t}\n\t\t\t\t\t\t.formcraft-css .fc-form.fc-form-1 .form-element .customText-cover a:hover\n\t\t\t\t\t\t{\n\t\t\t\t\t\t\tcolor: #3b77d1;\n\t\t\t\t\t\t}\n\t\t\t\t\t\thtml .formcraft-css .fc-form.fc-form-1.label-floating .form-element .field-cover > span\n\t\t\t\t\t\t{\n\t\t\t\t\t\t\tcolor: #666666;\n\t\t\t\t\t\t}\n\t\t\t\t\t\t.formcraft-css .fc-form.fc-form-1.label-floating .form-element .field-cover input[type=\"text\"],\n\t\t\t\t\t\t.formcraft-css .fc-form.fc-form-1.label-floating .form-element .field-cover input[type=\"email\"],\n\t\t\t\t\t\t.formcraft-css .fc-form.fc-form-1.label-floating .form-element .field-cover input[type=\"password\"],\n\t\t\t\t\t\t.formcraft-css .fc-form.fc-form-1.label-floating .form-element .field-cover input[type=\"tel\"],\n\t\t\t\t\t\t.formcraft-css .fc-form.fc-form-1.label-floating .form-element .field-cover textarea,\n\t\t\t\t\t\t.formcraft-css .fc-form.fc-form-1.label-floating .form-element .field-cover select,\n\t\t\t\t\t\t.formcraft-css .fc-form.fc-form-1.label-floating .form-element .field-cover .time-fields-cover\n\t\t\t\t\t\t{\n\t\t\t\t\t\t\tborder-bottom-color: #666666;\n\t\t\t\t\t\t\tcolor: #777;\n\t\t\t\t\t\t}\n\t\t\t\t\t\t.formcraft-css .fc-form.fc-form-1 .form-element .field-cover input[type=\"text\"],\n\t\t\t\t\t\t.formcraft-css .fc-form.fc-form-1 .form-element .field-cover input[type=\"password\"],\n\t\t\t\t\t\t.formcraft-css .fc-form.fc-form-1 .form-element .field-cover input[type=\"email\"],\n\t\t\t\t\t\t.formcraft-css .fc-form.fc-form-1 .form-element .field-cover input[type=\"tel\"],\n\t\t\t\t\t\t.formcraft-css .fc-form.fc-form-1 .form-element .field-cover select,\n\t\t\t\t\t\t.formcraft-css .fc-form.fc-form-1 .form-element .field-cover textarea\n\t\t\t\t\t\t{\n\t\t\t\t\t\t\tbackground-color: #fafafa;\n\t\t\t\t\t\t}\n\t\t\t\t\t\t.formcraft-css .fc-form.fc-form-1 .form-element .star-cover label .star\t\t\t\n\t\t\t\t\t\t{\n\t\t\t\t\t\t\ttext-shadow: 0px 1px 0px #3b77d1;\n\t\t\t\t\t\t}\n\t\t\t\t\t\t.formcraft-css .fc-form.fc-form-1 .form-element .slider-cover .ui-slider-range\n\t\t\t\t\t\t{\n\t\t\t\t\t\t\tbox-shadow: 0px 1px 1px #3b77d1 inset;\n\t\t\t\t\t\t}\n\t\t\t\t\t\t.formcraft-css .fc-form.fc-form-1 .form-element .fileupload-cover .button-file,\n\t\t\t\t\t\t.formcraft-css .fc-form.fc-form-1 .form-element .stripe-amount-show\n\t\t\t\t\t\t{\n\t\t\t\t\t\t\tborder-color: #3b77d1;\n\t\t\t\t\t\t}\n\t\t\t\t\t\t.formcraft-css .fc-form.fc-form-1 .stripe-cover.field-cover div.stripe-amount-show::before\n\t\t\t\t\t\t{\n\t\t\t\t\t\t\tborder-top-color: #3b77d1;\n\t\t\t\t\t\t}\n\t\t\t\t\t\t.formcraft-css .fc-form.fc-form-1 .stripe-cover.field-cover div.stripe-amount-show::after\n\t\t\t\t\t\t{\n\t\t\t\t\t\t\tborder-right-color: #4488ee;\n\t\t\t\t\t\t}\n\t\t\t\t\t\t.formcraft-css .fc-form.fc-form-1 .form-element .stripe-amount-show,\n\t\t\t\t\t\t.formcraft-css .fc-form.fc-form-1 .form-element .submit-cover .submit-button .text,\n\t\t\t\t\t\t.formcraft-css .fc-form.fc-form-1 .form-element .field-cover .button\n\t\t\t\t\t\t{\n\t\t\t\t\t\t\ttext-shadow: 1px 0px 3px #3b77d1;\n\t\t\t\t\t\t}\n\t\t\t\t\t\t.formcraft-css .fc-form.fc-form-1 input[type=\"checkbox\"]:checked,\n\t\t\t\t\t\t.formcraft-css .fc-form.fc-form-1 input[type=\"radio\"]:checked\n\t\t\t\t\t\t{\n\t\t\t\t\t\t\tborder-color: #4488ee;\n\t\t\t\t\t\t\tbackground-color: #4488ee;\t\t\t\t\t\t\n\t\t\t\t\t\t}\n\t\t\t\t\t\t.formcraft-css .fc-form.fc-form-1 input[type=\"checkbox\"]:hover,\n\t\t\t\t\t\t.formcraft-css .fc-form.fc-form-1 input[type=\"radio\"]:hover,\n\t\t\t\t\t\t.formcraft-css .fc-form.fc-form-1 input[type=\"checkbox\"]:focus,\n\t\t\t\t\t\t.formcraft-css .fc-form.fc-form-1 input[type=\"radio\"]:focus,\n\t\t\t\t\t\t.formcraft-css .fc-form.fc-form-1 label:hover>input[type=\"checkbox\"],\n\t\t\t\t\t\t.formcraft-css .fc-form.fc-form-1 label:hover>input[type=\"radio\"]\n\t\t\t\t\t\t{\n\t\t\t\t\t\t\tborder-color: #4488ee;\n\t\t\t\t\t\t}\n\t\t\t\t\t\t.formcraft-css .fc-form.fc-form-1 .form-element .form-element-html input[type=\"password\"]:focus,\n\t\t\t\t\t\t.formcraft-css .fc-form.fc-form-1 .form-element .form-element-html input[type=\"email\"]:focus,\n\t\t\t\t\t\t.formcraft-css .fc-form.fc-form-1 .form-element .form-element-html input[type=\"tel\"]:focus,\n\t\t\t\t\t\t.formcraft-css .fc-form.fc-form-1 .form-element .form-element-html input[type=\"text\"]:focus,\n\t\t\t\t\t\t.formcraft-css .fc-form.fc-form-1 .form-element .form-element-html textarea:focus,\n\t\t\t\t\t\t.formcraft-css .fc-form.fc-form-1 .form-element .form-element-html select:focus\n\t\t\t\t\t\t{\n\t\t\t\t\t\t\tborder-color: #4488ee;\n\t\t\t\t\t\t}\n\t\t\t\t\t\t.formcraft-css .fc-form.fc-form-1\t\t\t\t\t\t{\n\t\t\t\t\t\t\tfont-family: inherit;\n\t\t\t\t\t\t}\n\t\t\t\t\t\t@media (max-width : 480px) {\n\t\t\t\t\t\t\thtml .dedicated-page,\n\t\t\t\t\t\t\thtml .dedicated-page .formcraft-css .fc-pagination > div.active\n\t\t\t\t\t\t\t{\n\t\t\t\t\t\t\t\tbackground: white;\n\t\t\t\t\t\t\t}\n\t\t\t\t\t\t}\n\t\t\t\t\t<\/style>\n\t\t\t\t\t<div class=\"form-cover\">\n\t\t\t\t\t\t<form data-thousand=\"\" data-decimal=\".\" data-delay=\"\" data-id=\"1\" class=\"fc-form fc-form-1 align- fc-temp-class spin- save-form- dont-submit-hidden- icons-hide- label-block frame-visible remove-asterisk-true field-alignment-left\" style=\"width: 720px; color: #666666; font-size: 100%; background: white\">\n\t\t\t\t\t\t\t<div class=\"form-page form-page-0\" data-index=\"0\">\n\t\t\t\t\t\t\t\t\n\t\t\t\t\t\t\t\t<div class=\"form-page-content ng-pristine   ng-isolate-scope \">\n\t\t\t\t\t\t\t\t\t<!-- ngRepeat: element in page track by element.identifier --><div data-identifier=\"field1\" data-index=\"0\" style=\"width: 100%\" class=\" form-element form-element-field1 options-false index-false form-element-0 default-false form-element-type-oneLineText is-required-true odd -handle\">\n\t\t\t\t\t\t\t\t\t\t<div class=\"form-element-html\"><div ><div class=\"oneLineText-cover field-cover \"><span class=\"sub-label-true\"><span class=\"main-label\"><span >Imi\u0119 i nazwisko<\/span><\/span><span class=\"sub-label\"><\/span><\/span><div><span class=\"error\"><\/span><input type=\"text\" placeholder=\"\" data-field-id=\"field1\" name=\"field1[]\" data-min-char=\"\" data-max-char=\"\" data-val-type=\"\" data-regexp=\"\" data-is-required=\"true\" data-allow-spaces=\"\" class=\"validation-lenient\" data-placement=\"right\" data-toggle=\"tooltip\" tooltip=\"\" data-trigger=\"focus\" data-html=\"true\" data-input-mask=\"\" data-mask-placeholder=\"\" data-original-title=\"\"><i class=\"no-icon\"><\/i><\/div><\/div><\/div><\/div>\n\t\t\t\t\t\t\t\t\t\t\n\t\t\t\t\t\t\t\t\t<\/div><!-- end ngRepeat: element in page track by element.identifier --><div data-identifier=\"field2\" data-index=\"1\" style=\"width: 100%\" class=\" even form-element form-element-field2 options-false index-false form-element-1 default-false form-element-type-email is-required-true -handle\">\n\t\t\t\t\t\t\t\t\t\t<div class=\"form-element-html\"><div ><div class=\"email-cover field-cover \"><span class=\"sub-label-false\"><span class=\"main-label\"><span >Email<\/span><\/span><span class=\"sub-label\"><\/span><\/span><div><span class=\"error\"><\/span><input placeholder=\"\" data-field-id=\"field2\" type=\"text\" data-val-type=\"email\" data-is-required=\"true\" name=\"field2\" class=\"validation-lenient\" data-placement=\"right\" data-toggle=\"tooltip\" tooltip=\"\" data-trigger=\"focus\" data-html=\"true\" data-original-title=\"\"><i class=\"icon-mail\"><\/i><\/div><\/div><\/div><\/div>\n\t\t\t\t\t\t\t\t\t\t\n\t\t\t\t\t\t\t\t\t<\/div><!-- end ngRepeat: element in page track by element.identifier --><div data-identifier=\"field3\" data-index=\"2\" style=\"width: 100%\" class=\" form-element form-element-field3 options-false index-false form-element-2 default-false form-element-type-textarea is-required-true odd -handle\">\n\t\t\t\t\t\t\t\t\t\t<div class=\"form-element-html\"><div ><div class=\"textarea-cover field-cover \"><span class=\"sub-label-false\"><span class=\"main-label\"><span >Twoja wiadomo\u015b\u0107<\/span><\/span><span class=\"sub-label\"><\/span><\/span><div><span class=\"error\"><\/span><textarea data-field-id=\"field3\" placeholder=\"\" class=\"validation-lenient\" name=\"field3\" value=\"\" rows=\"5\" data-min-char=\"\" data-max-char=\"\" data-is-required=\"true\" data-placement=\"right\" data-toggle=\"tooltip\" tooltip=\"\" data-trigger=\"focus\" data-html=\"true\" data-original-title=\"\" style=\"min-height: 116.969px\"><\/textarea><div class=\"count-\"><span class=\"current-count\">0<\/span> \/ <span class=\"max-count \"><\/span><\/div><\/div><\/div><\/div><\/div>\n\t\t\t\t\t\t\t\t\t\t\n\t\t\t\t\t\t\t\t\t<\/div><!-- end ngRepeat: element in page track by element.identifier --><div data-identifier=\"field4\" data-index=\"3\" style=\"width: 100%\" class=\" even form-element form-element-field4 options-false index-false form-element-3 default-false form-element-type-checkbox is-required-true -handle\">\n\t\t\t\t\t\t\t\t\t\t<div class=\"form-element-html\"><div ><div class=\"images- checkbox-cover field-cover\"><span class=\"sub-label-false\"><span class=\"main-label\"><span >Zgoda na przetwarzanie danych<\/span><\/span><span class=\"sub-label\"><\/span><\/span><div data-placement=\"right\" data-toggle=\"tooltip\" tooltip=\"\" data-trigger=\"hover\" data-html=\"true\" data-original-title=\"\"><span class=\"error\"><\/span><!-- ngRepeat: opt in element.elementDefaults.optionsListShow --><label style=\"width:\" ><img><input data-field-id=\"field4\" type=\"radio\" data-is-required=\"true\" name=\"field4[]\" value=\"Wyra\u017cam zgod\u0119 na przetwarzanie i przechowywanie danych osobowych. Zgodnie z ustaw\u0105 z dnia 10 maja 2018 r. o ochronie danych osobowych (Dz.U.nr 2018, poz. 1000.) udost\u0119pnione przez Pana\/Pani\u0105 dane b\u0119d\u0105 wykorzystywane wy\u0142\u0105cznie zgodnie z przeznaczeniem, dla kt\u00f3rego zosta\u0142y udost\u0119pnione, tj. na potrzeby Zespo\u0142u Szk\u00f3\u0142 Lauder-Morasha. Wyra\u017cam zgod\u0119 na przetwarzanie, tj. gromadzenie, przechowywanie i opracowywanie moich danych osobowych w zakresie niezb\u0119dnym do wykonywania cel\u00f3w statutowych Zespo\u0142u Szk\u00f3\u0142 Lauder-Morasha.\" class=\"validation-lenient\"><span><span >Wyra\u017cam zgod\u0119 na przetwarzanie i przechowywanie danych osobowych. Zgodnie z ustaw\u0105 z dnia 10 maja 2018 r. o ochronie danych osobowych (Dz.U.nr 2018, poz. 1000.) udost\u0119pnione przez Pana\/Pani\u0105 dane b\u0119d\u0105 wykorzystywane wy\u0142\u0105cznie zgodnie z przeznaczeniem, dla kt\u00f3rego zosta\u0142y udost\u0119pnione, tj. na potrzeby Zespo\u0142u Szk\u00f3\u0142 Lauder-Morasha. Wyra\u017cam zgod\u0119 na przetwarzanie, tj. gromadzenie, przechowywanie i opracowywanie moich danych osobowych w zakresie niezb\u0119dnym do wykonywania cel\u00f3w statutowych Zespo\u0142u Szk\u00f3\u0142 Lauder-Morasha.<\/span><\/span><\/label><!-- end ngRepeat: opt in element.elementDefaults.optionsListShow --><\/div><\/div><\/div><\/div>\n\t\t\t\t\t\t\t\t\t\t\n\t\t\t\t\t\t\t\t\t<\/div><!-- end ngRepeat: element in page track by element.identifier --><div data-identifier=\"field5\" data-index=\"4\" style=\"width: 100%\" class=\" form-element form-element-field5 options-false index-false form-element-4 default-false form-element-type-submit is-required-false odd -handle\">\n\t\t\t\t\t\t\t\t\t\t<div class=\"form-element-html\"><div ><div class=\"animate-false align-right wide-false submit-cover field-cover\"><button type=\"submit\" class=\"button submit-button\"><span class=\"text \">Wy\u015blij wiadomo\u015b\u0107<\/span><span class=\"spin-cover\"><i style=\"color:\" class=\"loading-icon icon-cog animate-spin\"><\/i><\/span><\/button><\/div><div class=\"submit-response \"><\/div><input type=\"text\" class=\"required_field \" name=\"website\"><\/div><\/div>\n\t\t\t\t\t\t\t\t\t\t\n\t\t\t\t\t\t\t\t\t<\/div><!-- end ngRepeat: element in page track by element.identifier -->\n\t\t\t\t\t\t\t\t<\/div>\n\t\t\t\t\t\t\t<\/div>\n\t\t\t\t\t\t<\/form>\n\t\t\t\t\t\t<div class=\"prev-next prev-next-1\" style=\"width: 720px; color: #666666; font-size: 100%; background: white\">\n\t\t\t\t\t\t\t<div><input type=\"text\" class=\"ng-pristine  \"><span class=\"inactive page-prev \"><i class=\"icon-angle-left\"><\/i>Previous<\/span><\/div>\n\t\t\t\t\t\t\t<div><input type=\"text\" class=\"ng-pristine  \"><span class=\"page-next \">Next<i class=\"icon-angle-right\"><\/i><\/span><\/div>\n\t\t\t\t\t\t<\/div>\n\t\t\t\t\t<\/div><\/div>[\/vc_column_text][\/vc_column_inner][\/vc_row_inner][\/vc_column][\/vc_row][vc_row type=&#8221;full_width_content&#8221; full_screen_row_position=&#8221;middle&#8221; column_margin=&#8221;default&#8221; column_direction=&#8221;default&#8221; column_direction_tablet=&#8221;default&#8221; column_direction_phone=&#8221;default&#8221; scene_position=&#8221;center&#8221; text_color=&#8221;dark&#8221; text_align=&#8221;left&#8221; row_border_radius=&#8221;none&#8221; row_border_radius_applies=&#8221;bg&#8221; overflow=&#8221;visible&#8221; overlay_strength=&#8221;0.3&#8243; gradient_direction=&#8221;left_to_right&#8221; shape_divider_position=&#8221;bottom&#8221; bg_image_animation=&#8221;none&#8221; gradient_type=&#8221;default&#8221; shape_type=&#8221;&#8221;][vc_column column_padding=&#8221;no-extra-padding&#8221; column_padding_tablet=&#8221;inherit&#8221; column_padding_phone=&#8221;inherit&#8221; column_padding_position=&#8221;all&#8221; column_element_direction_desktop=&#8221;default&#8221; column_element_spacing=&#8221;default&#8221; desktop_text_alignment=&#8221;default&#8221; tablet_text_alignment=&#8221;default&#8221; phone_text_alignment=&#8221;default&#8221; background_color_opacity=&#8221;1&#8243; background_hover_color_opacity=&#8221;1&#8243; column_backdrop_filter=&#8221;none&#8221; column_shadow=&#8221;none&#8221; column_border_radius=&#8221;none&#8221; column_link_target=&#8221;_self&#8221; column_position=&#8221;default&#8221; gradient_direction=&#8221;left_to_right&#8221; overlay_strength=&#8221;0.3&#8243; width=&#8221;1\/1&#8243; tablet_width_inherit=&#8221;default&#8221; animation_type=&#8221;default&#8221; bg_image_animation=&#8221;none&#8221; border_type=&#8221;simple&#8221; column_border_width=&#8221;none&#8221; column_border_style=&#8221;solid&#8221;][nectar_gmap map_type=&#8221;google&#8221; zoom=&#8221;14&#8243; enable_zoom=&#8221;1&#8243; marker_style=&#8221;nectar&#8221; nectar_marker_color=&#8221;accent-color&#8221; marker_animation=&#8221;1&#8243; map_greyscale=&#8221;1&#8243; size=&#8221;700&#8243; map_center_lat=&#8221;52.2401245&#8243; map_center_lng=&#8221;20.971289&#8243; map_markers=&#8221;52.2360408|20.9696522|Lauder-Morasha&#8221;][\/vc_column][\/vc_row]\n","protected":false},"excerpt":{"rendered":"<p>[vc_row type=&#8221;full_width_background&#8221; full_screen_row_position=&#8221;middle&#8221; column_margin=&#8221;default&#8221; column_direction=&#8221;default&#8221; column_direction_tablet=&#8221;default&#8221; column_direction_phone=&#8221;default&#8221; bg_color=&#8221;#013ba0&#8243; scene_position=&#8221;center&#8221; top_padding=&#8221;8%&#8221; bottom_padding=&#8221;6%&#8221; top_padding_phone=&#8221;15%&#8221; constrain_group_5=&#8221;yes&#8221; bottom_padding_phone=&#8221;15%&#8221; text_color=&#8221;light&#8221; text_align=&#8221;center&#8221; row_border_radius=&#8221;none&#8221; row_border_radius_applies=&#8221;bg&#8221; overflow=&#8221;visible&#8221; overlay_strength=&#8221;0.3&#8243; gradient_direction=&#8221;left_to_right&#8221; enable_shape_divider=&#8221;true&#8221; shape_divider_color=&#8221;#f8f8f8&#8243; shape_divider_position=&#8221;bottom&#8221; bg_image_animation=&#8221;none&#8221; gradient_type=&#8221;default&#8221; shape_type=&#8221;curve_opacity&#8221;][vc_column column_padding=&#8221;no-extra-padding&#8221; column_padding_tablet=&#8221;inherit&#8221; column_padding_phone=&#8221;inherit&#8221;&#8230;<\/p>\n","protected":false},"author":1,"featured_media":0,"parent":0,"menu_order":0,"comment_status":"closed","ping_status":"closed","template":"","meta":{"footnotes":""},"class_list":["post-119","page","type-page","status-publish"],"_links":{"self":[{"href":"https:\/\/www.lauder-morasha.edu.pl\/przedszkole\/wp-json\/wp\/v2\/pages\/119","targetHints":{"allow":["GET"]}}],"collection":[{"href":"https:\/\/www.lauder-morasha.edu.pl\/przedszkole\/wp-json\/wp\/v2\/pages"}],"about":[{"href":"https:\/\/www.lauder-morasha.edu.pl\/przedszkole\/wp-json\/wp\/v2\/types\/page"}],"author":[{"embeddable":true,"href":"https:\/\/www.lauder-morasha.edu.pl\/przedszkole\/wp-json\/wp\/v2\/users\/1"}],"replies":[{"embeddable":true,"href":"https:\/\/www.lauder-morasha.edu.pl\/przedszkole\/wp-json\/wp\/v2\/comments?post=119"}],"version-history":[{"count":3,"href":"https:\/\/www.lauder-morasha.edu.pl\/przedszkole\/wp-json\/wp\/v2\/pages\/119\/revisions"}],"predecessor-version":[{"id":1829,"href":"https:\/\/www.lauder-morasha.edu.pl\/przedszkole\/wp-json\/wp\/v2\/pages\/119\/revisions\/1829"}],"wp:attachment":[{"href":"https:\/\/www.lauder-morasha.edu.pl\/przedszkole\/wp-json\/wp\/v2\/media?parent=119"}],"curies":[{"name":"wp","href":"https:\/\/api.w.org\/{rel}","templated":true}]}}